{"id":3265,"date":"2021-08-08T23:59:53","date_gmt":"2021-08-08T21:59:53","guid":{"rendered":"https:\/\/www.handsonmetrology.com\/ueber-uns\/"},"modified":"2025-06-23T16:13:09","modified_gmt":"2025-06-23T14:13:09","slug":"ueber-uns","status":"publish","type":"page","link":"https:\/\/www.handsonmetrology.com\/de\/ueber-uns\/","title":{"rendered":"\u00dcber uns"},"content":{"rendered":"\t\t<div data-elementor-type=\"wp-page\" data-elementor-id=\"3265\" class=\"elementor elementor-3265 elementor-41\" data-elementor-post-type=\"page\">\n\t\t\t\t\t\t<section class=\"elementor-section elementor-top-section elementor-element elementor-element-15ba7a4f hom-header elementor-section-boxed elementor-section-height-default elementor-section-height-default\" data-id=\"15ba7a4f\" data-element_type=\"section\" data-e-type=\"section\" data-settings=\"{&quot;background_background&quot;:&quot;classic&quot;}\">\n\t\t\t\t\t\t<div class=\"elementor-container elementor-column-gap-default\">\n\t\t\t\t\t<div class=\"elementor-column elementor-col-100 elementor-top-column elementor-element elementor-element-1f1f054b\" data-id=\"1f1f054b\" data-element_type=\"column\" data-e-type=\"column\">\n\t\t\t<div class=\"elementor-widget-wrap elementor-element-populated\">\n\t\t\t\t\t\t<div class=\"elementor-element elementor-element-39695e9b elementor-widget elementor-widget-heading\" data-id=\"39695e9b\" data-element_type=\"widget\" data-e-type=\"widget\" data-widget_type=\"heading.default\">\n\t\t\t\t<div class=\"elementor-widget-container\">\n\t\t\t\t\t<h2 class=\"elementor-heading-title elementor-size-default\">#HandsOnMetrology<\/h2>\t\t\t\t<\/div>\n\t\t\t\t<\/div>\n\t\t\t\t\t<\/div>\n\t\t<\/div>\n\t\t\t\t\t<\/div>\n\t\t<\/section>\n\t\t\t\t<section class=\"elementor-section elementor-top-section elementor-element elementor-element-3e70f0fc hom-image-and-text image-first much-text elementor-section-boxed elementor-section-height-default elementor-section-height-default\" data-id=\"3e70f0fc\" data-element_type=\"section\" data-e-type=\"section\">\n\t\t\t\t\t\t<div class=\"elementor-container elementor-column-gap-default\">\n\t\t\t\t\t<div class=\"elementor-column elementor-col-50 elementor-top-column elementor-element elementor-element-7b86ecbf\" data-id=\"7b86ecbf\" data-element_type=\"column\" data-e-type=\"column\">\n\t\t\t<div class=\"elementor-widget-wrap elementor-element-populated\">\n\t\t\t\t\t\t<div class=\"elementor-element elementor-element-675d43d6 elementor-widget elementor-widget-image\" data-id=\"675d43d6\" data-element_type=\"widget\" data-e-type=\"widget\" data-widget_type=\"image.default\">\n\t\t\t\t<div class=\"elementor-widget-container\">\n\t\t\t\t\t\t\t\t\t\t\t\t\t\t\t<img fetchpriority=\"high\" decoding=\"async\" width=\"800\" height=\"534\" src=\"https:\/\/www.handsonmetrology.com\/wp-content\/uploads\/2023\/01\/HOM_T-SCAN-hawk_2_system4-1024x683.png\" class=\"attachment-large size-large wp-image-28430\" alt=\"zeiss-t-scan-hawk-2-portable-handheld-3d-laser-scanner\" srcset=\"https:\/\/www.handsonmetrology.com\/wp-content\/uploads\/2023\/01\/HOM_T-SCAN-hawk_2_system4-1024x683.png 1024w, https:\/\/www.handsonmetrology.com\/wp-content\/uploads\/2023\/01\/HOM_T-SCAN-hawk_2_system4-300x200.png 300w, https:\/\/www.handsonmetrology.com\/wp-content\/uploads\/2023\/01\/HOM_T-SCAN-hawk_2_system4-768x512.png 768w, https:\/\/www.handsonmetrology.com\/wp-content\/uploads\/2023\/01\/HOM_T-SCAN-hawk_2_system4-1536x1025.png 1536w, https:\/\/www.handsonmetrology.com\/wp-content\/uploads\/2023\/01\/HOM_T-SCAN-hawk_2_system4.png 1920w\" sizes=\"(max-width: 800px) 100vw, 800px\" \/>\t\t\t\t\t\t\t\t\t\t\t\t\t\t\t<\/div>\n\t\t\t\t<\/div>\n\t\t\t\t\t<\/div>\n\t\t<\/div>\n\t\t\t\t<div class=\"elementor-column elementor-col-50 elementor-top-column elementor-element elementor-element-716d80c9\" data-id=\"716d80c9\" data-element_type=\"column\" data-e-type=\"column\">\n\t\t\t<div class=\"elementor-widget-wrap elementor-element-populated\">\n\t\t\t\t\t\t<div class=\"elementor-element elementor-element-318bcb72 hom-image-text-heading elementor-widget elementor-widget-heading\" data-id=\"318bcb72\" data-element_type=\"widget\" data-e-type=\"widget\" data-widget_type=\"heading.default\">\n\t\t\t\t<div class=\"elementor-widget-container\">\n\t\t\t\t\t<h2 class=\"elementor-heading-title elementor-size-default\">Dedicated to 3D metrology<\/h2>\t\t\t\t<\/div>\n\t\t\t\t<\/div>\n\t\t\t\t<div class=\"elementor-element elementor-element-b7887b hom-image-text-text elementor-widget elementor-widget-text-editor\" data-id=\"b7887b\" data-element_type=\"widget\" data-e-type=\"widget\" data-widget_type=\"text-editor.default\">\n\t\t\t\t<div class=\"elementor-widget-container\">\n\t\t\t\t\t\t\t\t\t<p>#HandsOnMetrology ist die neue Plattform f\u00fcr 3D-Messtechnik. Wir sind hier, um dich zu inspirieren und unser Wissen rund um 3D-Scanning zu teilen. Unser Content unterst\u00fctzt dich, loszulegen oder dein Know-how zu vertiefen. Wir bieten interessante Einblicke, Tipps und Tricks. Wir erz\u00e4hlen die Geschichten von Machern und ihren Projekten. Wir unterst\u00fctzen dich dabei, bei deinen Messaufgaben Qualit\u00e4t und Pr\u00e4zision zu erreichen. Und wir bieten flexible, benutzerfreundliche 3D-Scanning-L\u00f6sungen, die jeden Arbeitsschritt begleiten. Was auch immer du vorhast \u2013 lass es uns gemeinsam tun.<\/p>\n\t\t\t\t\t\t\t\t<\/div>\n\t\t\t\t<\/div>\n\t\t\t\t\t<\/div>\n\t\t<\/div>\n\t\t\t\t\t<\/div>\n\t\t<\/section>\n\t\t\t\t<section class=\"elementor-section elementor-top-section elementor-element elementor-element-2d190eae hom-image-and-text text-first much-text elementor-section-boxed elementor-section-height-default elementor-section-height-default\" data-id=\"2d190eae\" data-element_type=\"section\" data-e-type=\"section\">\n\t\t\t\t\t\t<div class=\"elementor-container elementor-column-gap-default\">\n\t\t\t\t\t<div class=\"elementor-column elementor-col-50 elementor-top-column elementor-element elementor-element-3e6e6a94\" data-id=\"3e6e6a94\" data-element_type=\"column\" data-e-type=\"column\">\n\t\t\t<div class=\"elementor-widget-wrap elementor-element-populated\">\n\t\t\t\t\t\t<div class=\"elementor-element elementor-element-73f74c76 elementor-widget elementor-widget-image\" data-id=\"73f74c76\" data-element_type=\"widget\" data-e-type=\"widget\" data-widget_type=\"image.default\">\n\t\t\t\t<div class=\"elementor-widget-container\">\n\t\t\t\t\t\t\t\t\t\t\t\t\t\t\t<img decoding=\"async\" width=\"800\" height=\"534\" src=\"https:\/\/www.handsonmetrology.com\/wp-content\/uploads\/2024\/04\/gom_scan1_SD_240221_0835_1-1024x683.jpg\" class=\"attachment-large size-large wp-image-45543\" alt=\"\" srcset=\"https:\/\/www.handsonmetrology.com\/wp-content\/uploads\/2024\/04\/gom_scan1_SD_240221_0835_1-1024x683.jpg 1024w, https:\/\/www.handsonmetrology.com\/wp-content\/uploads\/2024\/04\/gom_scan1_SD_240221_0835_1-300x200.jpg 300w, https:\/\/www.handsonmetrology.com\/wp-content\/uploads\/2024\/04\/gom_scan1_SD_240221_0835_1-768x512.jpg 768w, https:\/\/www.handsonmetrology.com\/wp-content\/uploads\/2024\/04\/gom_scan1_SD_240221_0835_1-1536x1025.jpg 1536w, https:\/\/www.handsonmetrology.com\/wp-content\/uploads\/2024\/04\/gom_scan1_SD_240221_0835_1.jpg 1920w\" sizes=\"(max-width: 800px) 100vw, 800px\" \/>\t\t\t\t\t\t\t\t\t\t\t\t\t\t\t<\/div>\n\t\t\t\t<\/div>\n\t\t\t\t\t<\/div>\n\t\t<\/div>\n\t\t\t\t<div class=\"elementor-column elementor-col-50 elementor-top-column elementor-element elementor-element-2ef495e1\" data-id=\"2ef495e1\" data-element_type=\"column\" data-e-type=\"column\">\n\t\t\t<div class=\"elementor-widget-wrap elementor-element-populated\">\n\t\t\t\t\t\t<div class=\"elementor-element elementor-element-51938247 hom-image-text-heading elementor-widget elementor-widget-heading\" data-id=\"51938247\" data-element_type=\"widget\" data-e-type=\"widget\" data-widget_type=\"heading.default\">\n\t\t\t\t<div class=\"elementor-widget-container\">\n\t\t\t\t\t<h2 class=\"elementor-heading-title elementor-size-default\">Makers united<\/h2>\t\t\t\t<\/div>\n\t\t\t\t<\/div>\n\t\t\t\t<div class=\"elementor-element elementor-element-5a6e59a3 hom-image-text-text elementor-widget elementor-widget-text-editor\" data-id=\"5a6e59a3\" data-element_type=\"widget\" data-e-type=\"widget\" data-widget_type=\"text-editor.default\">\n\t\t\t\t<div class=\"elementor-widget-container\">\n\t\t\t\t\t\t\t\t\t<p>#HandsOnMetrology pr\u00e4sentiert das 3D-Scanning Portfolio von ZEISS. Unser Ziel ist, neue Ma\u00dfst\u00e4be in der 3D-Messtechnik zu setzen und ihre vielseitigen Anwendungen bekannt zu machen. Wir unterst\u00fctzen unsere Community aus Designern, Entwicklern, Ingenieuren, Wissenschaftlern und anderen Spezialisten mit wertvollem Wissen \u2013 um die Qualit\u00e4t von Produkten zu erh\u00f6hen, Prozesse zu optimieren und die Grenzen des M\u00f6glichen zu verschieben.<\/p>\n\t\t\t\t\t\t\t\t<\/div>\n\t\t\t\t<\/div>\n\t\t\t\t\t<\/div>\n\t\t<\/div>\n\t\t\t\t\t<\/div>\n\t\t<\/section>\n\t\t\t\t<section class=\"elementor-section elementor-top-section elementor-element elementor-element-736259a7 hom-container elementor-section-boxed elementor-section-height-default elementor-section-height-default\" data-id=\"736259a7\" data-element_type=\"section\" data-e-type=\"section\">\n\t\t\t\t\t\t<div class=\"elementor-container elementor-column-gap-default\">\n\t\t\t\t\t<div class=\"elementor-column elementor-col-100 elementor-top-column elementor-element elementor-element-50bc4055\" data-id=\"50bc4055\" data-element_type=\"column\" data-e-type=\"column\">\n\t\t\t<div class=\"elementor-widget-wrap elementor-element-populated\">\n\t\t\t\t\t\t<div class=\"elementor-element elementor-element-68da90fa hom-h2 elementor-widget elementor-widget-heading\" data-id=\"68da90fa\" data-element_type=\"widget\" data-e-type=\"widget\" data-widget_type=\"heading.default\">\n\t\t\t\t<div class=\"elementor-widget-container\">\n\t\t\t\t\t<h2 class=\"elementor-heading-title elementor-size-default\">Wir sind hier, um unser Wissen zu teilen und Impulse zu geben<\/h2>\t\t\t\t<\/div>\n\t\t\t\t<\/div>\n\t\t\t\t<div class=\"elementor-element elementor-element-19d9a44b elementor-widget elementor-widget-video\" data-id=\"19d9a44b\" data-element_type=\"widget\" data-e-type=\"widget\" data-settings=\"{&quot;youtube_url&quot;:&quot;https:\\\/\\\/youtu.be\\\/xidUj48PNxw&quot;,&quot;image_overlay&quot;:{&quot;url&quot;:&quot;https:\\\/\\\/www.handsonmetrology.com\\\/wp-content\\\/uploads\\\/2021\\\/11\\\/10_about_us_video.jpg&quot;,&quot;id&quot;:2457,&quot;size&quot;:&quot;&quot;,&quot;alt&quot;:&quot;&quot;,&quot;source&quot;:&quot;library&quot;},&quot;show_image_overlay&quot;:&quot;yes&quot;,&quot;video_type&quot;:&quot;youtube&quot;,&quot;controls&quot;:&quot;yes&quot;}\" data-widget_type=\"video.default\">\n\t\t\t\t<div class=\"elementor-widget-container\">\n\t\t\t\t\t\t\t<div class=\"elementor-wrapper elementor-open-inline\">\n\t\t\t<div class=\"elementor-video\"><\/div>\t\t\t\t<div class=\"elementor-custom-embed-image-overlay\" style=\"background-image: url(https:\/\/www.handsonmetrology.com\/wp-content\/uploads\/2021\/11\/10_about_us_video.jpg);\">\n\t\t\t\t\t\t\t\t\t\t\t\t\t\t\t\t<div class=\"elementor-custom-embed-play\" role=\"button\" aria-label=\"Video abspielen\" tabindex=\"0\">\n\t\t\t\t\t\t\t<i aria-hidden=\"true\" class=\"eicon-play\"><\/i>\t\t\t\t\t\t<\/div>\n\t\t\t\t\t\t\t\t\t<\/div>\n\t\t\t\t\t<\/div>\n\t\t\t\t\t\t<\/div>\n\t\t\t\t<\/div>\n\t\t\t\t<div class=\"elementor-element elementor-element-a8ca387 elementor-hidden-desktop elementor-hidden-laptop elementor-hidden-tablet_extra elementor-hidden-tablet elementor-hidden-mobile elementor-widget elementor-widget-text-editor\" data-id=\"a8ca387\" data-element_type=\"widget\" data-e-type=\"widget\" data-widget_type=\"text-editor.default\">\n\t\t\t\t<div class=\"elementor-widget-container\">\n\t\t\t\t\t\t\t\t\t<p>HandsOnMetrology, Teil der Zeiss-Gruppe, ist spezialisiert auf industrielle 3D-Koordinatenmesstechnik, 3D-Computertomographie und 3D-Pr\u00fcfung. Das Unternehmen ist ein One-Stop-Shop f\u00fcr manuelle und automatisierte 3D-Digitalisierungsger\u00e4te und -systeme, Auswertungssoftware, Schulungen und professionellen technischen Support f\u00fcr Kunden weltweit.<\/p>\n\t\t\t\t\t\t\t\t<\/div>\n\t\t\t\t<\/div>\n\t\t\t\t\t<\/div>\n\t\t<\/div>\n\t\t\t\t\t<\/div>\n\t\t<\/section>\n\t\t\t\t<section class=\"elementor-section elementor-top-section elementor-element elementor-element-4f1d3935 hom-join-mailing-captcha elementor-section-boxed elementor-section-height-default elementor-section-height-default\" data-id=\"4f1d3935\" data-element_type=\"section\" data-e-type=\"section\" data-settings=\"{&quot;background_background&quot;:&quot;classic&quot;}\">\n\t\t\t\t\t\t<div class=\"elementor-container elementor-column-gap-default\">\n\t\t\t\t\t<div class=\"elementor-column elementor-col-100 elementor-top-column elementor-element elementor-element-448583d6\" data-id=\"448583d6\" data-element_type=\"column\" data-e-type=\"column\">\n\t\t\t<div class=\"elementor-widget-wrap elementor-element-populated\">\n\t\t\t\t\t\t<div class=\"elementor-element elementor-element-3a968686 elementor-widget elementor-widget-heading\" data-id=\"3a968686\" data-element_type=\"widget\" data-e-type=\"widget\" data-widget_type=\"heading.default\">\n\t\t\t\t<div class=\"elementor-widget-container\">\n\t\t\t\t\t<h3 class=\"elementor-heading-title elementor-size-default\">Trag dich in unseren Newsletter ein<\/h3>\t\t\t\t<\/div>\n\t\t\t\t<\/div>\n\t\t\t\t<div class=\"elementor-element elementor-element-2c41f2d7 elementor-widget elementor-widget-heading\" data-id=\"2c41f2d7\" data-element_type=\"widget\" data-e-type=\"widget\" data-widget_type=\"heading.default\">\n\t\t\t\t<div class=\"elementor-widget-container\">\n\t\t\t\t\t<h2 class=\"elementor-heading-title elementor-size-default\">Immer wissen, was es Neues gibt<\/h2>\t\t\t\t<\/div>\n\t\t\t\t<\/div>\n\t\t\t\t<div class=\"elementor-element elementor-element-d4f289d elementor-widget elementor-widget-global elementor-global-59337 elementor-global-59291 elementor-widget-form\" data-id=\"d4f289d\" data-element_type=\"widget\" data-e-type=\"widget\" data-settings=\"{&quot;step_next_label&quot;:&quot;N\\u00e4chste Seite&quot;,&quot;step_previous_label&quot;:&quot;Zur\\u00fcck&quot;,&quot;button_width&quot;:&quot;100&quot;,&quot;step_type&quot;:&quot;number_text&quot;,&quot;step_icon_shape&quot;:&quot;circle&quot;}\" data-widget_type=\"form.default\">\n\t\t\t\t<div class=\"elementor-widget-container\">\n\t\t\t\t\t\t\t<form class=\"elementor-form\" method=\"post\" name=\"Newsletter\" aria-label=\"Newsletter\">\n\t\t\t<input type=\"hidden\" name=\"post_id\" value=\"3265\"\/>\n\t\t\t<input type=\"hidden\" name=\"form_id\" value=\"d4f289d\"\/>\n\t\t\t<input type=\"hidden\" name=\"referer_title\" value=\"HandsOnMetrology\" \/>\n\n\t\t\t\n\t\t\t<div class=\"elementor-form-fields-wrapper elementor-labels-\">\n\t\t\t\t\t\t\t\t<div class=\"elementor-field-type-email elementor-field-group elementor-column elementor-field-group-email elementor-col-100 elementor-field-required\">\n\t\t\t\t\t\t\t\t\t\t\t\t<label for=\"form-field-email\" class=\"elementor-field-label elementor-screen-only\">\n\t\t\t\t\t\t\t\tE-Mail\t\t\t\t\t\t\t<\/label>\n\t\t\t\t\t\t\t\t\t\t\t\t\t\t<input size=\"1\" type=\"email\" name=\"form_fields[email]\" id=\"form-field-email\" class=\"elementor-field elementor-size-sm  elementor-field-textual\" placeholder=\"Gib deine E-Mail-Adresse ein\" required=\"required\">\n\t\t\t\t\t\t\t\t\t\t\t<\/div>\n\t\t\t\t\t\t\t\t<div class=\"elementor-field-type-text\">\n\t\t\t\t\t<input size=\"1\" type=\"text\" name=\"form_fields[field_d32e50d]\" id=\"form-field-field_d32e50d\" class=\"elementor-field elementor-size-sm \" style=\"display:none !important;\">\t\t\t\t<\/div>\n\t\t\t\t\t\t\t\t<div class=\"elementor-field-type-eccaptcha elementor-field-group elementor-column elementor-field-group-field_e459671 elementor-col-100 elementor-field-type-text elementor-field-required elementor-mark-required\">\n\t\t\t\t\t\t\t\t\t\t\t\t<label for=\"form-field-field_e459671\" class=\"elementor-field-label elementor-screen-only\">\n\t\t\t\t\t\t\t\tCaptcha\t\t\t\t\t\t\t<\/label>\n\t\t\t\t\t\t<input type=\"text\" name=\"form_fields[field_e459671]\" id=\"form-field-field_e459671\" class=\"elementor-field elementor-size-sm  elementor-field-eccaptcha elementor-field-textual\" placeholder=\"Captcha\" required=\"required\" aria-required=\"true\"><div class=\"elementor-image-eccaptcha-wrapper\"><div class=\"elementor-image-eccaptcha-wrap\"><img decoding=\"async\" class=\"elementor-image-eccaptcha\" data-custom_id=\"field_e459671\" src=\"data:image\/jpeg;base64,\/9j\/4AAQSkZJRgABAQEAYABgAAD\/\/gA7Q1JFQVRPUjogZ2QtanBlZyB2MS4wICh1c2luZyBJSkcgSlBFRyB2ODApLCBxdWFsaXR5ID0gOTAK\/9sAQwADAgIDAgIDAwMDBAMDBAUIBQUEBAUKBwcGCAwKDAwLCgsLDQ4SEA0OEQ4LCxAWEBETFBUVFQwPFxgWFBgSFBUU\/9sAQwEDBAQFBAUJBQUJFA0LDRQUFBQUFBQUFBQUFBQUFBQUFBQUFBQUFBQUFBQUFBQUFBQUFBQUFBQUFBQUFBQUFBQU\/8AAEQgAKACWAwERAAIRAQMRAf\/EAB8AAAEFAQEBAQEBAAAAAAAAAAABAgMEBQYHCAkKC\/\/EALUQAAIBAwMCBAMFBQQEAAABfQECAwAEEQUSITFBBhNRYQcicRQygZGhCCNCscEVUtHwJDNicoIJChYXGBkaJSYnKCkqNDU2Nzg5OkNERUZHSElKU1RVVldYWVpjZGVmZ2hpanN0dXZ3eHl6g4SFhoeIiYqSk5SVlpeYmZqio6Slpqeoqaqys7S1tre4ubrCw8TFxsfIycrS09TV1tfY2drh4uPk5ebn6Onq8fLz9PX29\/j5+v\/EAB8BAAMBAQEBAQEBAQEAAAAAAAABAgMEBQYHCAkKC\/\/EALURAAIBAgQEAwQHBQQEAAECdwABAgMRBAUhMQYSQVEHYXETIjKBCBRCkaGxwQkjM1LwFWJy0QoWJDThJfEXGBkaJicoKSo1Njc4OTpDREVGR0hJSlNUVVZXWFlaY2RlZmdoaWpzdHV2d3h5eoKDhIWGh4iJipKTlJWWl5iZmqKjpKWmp6ipqrKztLW2t7i5usLDxMXGx8jJytLT1NXW19jZ2uLj5OXm5+jp6vLz9PX29\/j5+v\/aAAwDAQACEQMRAD8A8UrrOcKACgAoAKACgAoAKACgAoAKACgAoAKACgAoAKACgAoAKACgAoAKAFVSzAAEk8ADvQB6FP8AAPxtbs1u2m251VIPtL6MmoW7aike3fk2ok83O3nbt3Ac4xU8yHZnpX7Hfh\/SdL+IvhjxBr9sty2pag+m6NbydDKsRaW4IPUJmNB6tLkcoamWw4nl\/gjwdb33x10PwvfQefZv4ih0+4hYkbo\/tIR1JHP3c1TelxLcva18SJdOttXs9O8F+HNKsb4TWiXi6Y0kojOVPlyys5Vsd1waLBc80qhGjD4c1a40efVotLvZdKtyBNfJbuYIySFAZ8bRkkDk9SBSApRwSTBzHG7hBuYqpO0ep9KYEdABQAUAFABQAUAFABQAUAFABQBq+FWv08TaS+lWj32ppdxPbWqRmRpZQ4KqFHJyQBgUmB9iavoumW3xD1v4x+G45db8Y6TF9r1PwPFcxSSabdmMpJLJIjEyQp1KRgtu4YrgqMulmadbnmfg\/wCIvgvW\/jJ8O721i8QpJp91YWdpZhIIoYmMoMjHBYvvlkkkbAUneQMcYpp2Yrq5y3x\/mHgP4\/69c+HrLUNC1Sz1e4ulu57lZjJK0hdZIh5SbF+bgfORx8x6046rUT0Z3X7J\/jLWPiP441zwp401a98ReE9R0i5l1CHVrh50gEYBWdS5PlsvQMMdR3AwpKyuhxd9zkv2cPhn4f1m18S+O\/GTRN4U8MRoRb3LMkV5ducRRuVBbZnG4AE\/MvBGRTk+iEl1M741N4+8QaXZ+J9Y1K11XwhdTG2sH0KfOmWrLki3SEY8kqvQOoYgZyeTQrbA7nY\/G\/WNX+C+g\/DDSPBGp3WiaPcaBBrEt9psrRf2heyFvNeRlP7zACAK2QqtjoaS1vcb02Oa\/ay8N2WhePNAvrWzhsLnXfDtlq9\/bW6CONLqQOsmEHC5KBiB3JPenHYUjib74ReINK+Fdp4\/voo7PRL2\/WwtElJE1wxR38xVxjYPLIySMnoD1p31sK2lziaoQUAFABQAUAFABQAUAFAHo37PnjvTPhv8WNH13VzJHYRLPA9zCm+S2MsLxiZV7lC4OBzgHHNTJXQ07M7f4OXGl\/An4h\/8Jtf+MNH1iwsILkQ2elXDyz6o0kTIiGMqDGu5lZjJjG3ucUnqrDWjueNeHfF+s+ENVfUtC1G40e+dGj8+ycxuqkgkKRyOg6VVrk3NNPir4w\/4SjS\/EU\/iTUtQ1nTJBLZ3eo3DXTQsDnjzCwx6joaLId2bOvfHPxBrNtrMVta6VoL62Nuqz6PZLby3qk5ZXbJIVjyyptDHqDSsFzpfhx4jsdf+A\/i34dHUbPStaudTt9WsW1CdbeG7CgK8JlchEYbVZd5APIyKT3uNbWLniDXLH4c\/s3N8P5b+y1PxLresjVbqCwuUuYtPgRFVFaSMsnmsUBwpOFPODjJu7hsrGj8IoPEmgaLpeoePdck0D4Z2pF7BY6pHHNLfg\/MI7GCUFv3neRAqgEtupO3TcF5kGo3t78f\/ABz4n+J+saLd3nh3S3jit9FskeR52AIt7TKDKphS8jjGBuxhmUU\/hVg31NL4x6vrF7+y\/wCCp9cSSLUdX8RX17JE8XlCNYl8lEVMDYirhVUcAAAcUluN7HzdWhAUAFABQAUAFABQAUAFABQAUAFABQAUAFABQA55GkILsWIAAJOeBwBQBc0e+nsr6IxahPpqu6rJcQMwKLnlsKQTjrikB7\/8W\/ivpup\/BXwh4b8NfEfUb260mG6g1W2mju7d9UE8isMnlHVPmGJG6dPSoS1u0U3ofOVaEhQAUAFABQB\/\/9k=\"><\/div><div class=\"elementor-generate-eccaptcha\">\n\t\t\t\t<svg xmlns=\"http:\/\/www.w3.org\/2000\/svg\" fill=\"none\" viewBox=\"0 0 24 24\" stroke=\"currentColor\" stroke-width=\"2\">\n\t\t\t\t\t<path stroke-linecap=\"round\" stroke-linejoin=\"round\" d=\"M4 4v5h.582m15.356 2A8.001 8.001 0 004.582 9m0 0H9m11 11v-5h-.581m0 0a8.003 8.003 0 01-15.357-2m15.357 2H15\" \/>\n\t\t\t\t<\/svg>\n\t\t\t\t<span>Ein neues Bild zeigen<\/span>\n\t\t\t <\/div><\/div>\t\t\t\t<\/div>\n\t\t\t\t\t\t\t\t<div class=\"elementor-field-type-hidden elementor-field-group elementor-column elementor-field-group-source elementor-col-100\">\n\t\t\t\t\t\t\t\t\t\t\t\t\t<input size=\"1\" type=\"hidden\" name=\"form_fields[source]\" id=\"form-field-source\" class=\"elementor-field elementor-size-sm  elementor-field-textual\">\n\t\t\t\t\t\t\t\t\t\t\t<\/div>\n\t\t\t\t\t\t\t\t<div class=\"elementor-field-type-hidden elementor-field-group elementor-column elementor-field-group-medium elementor-col-100\">\n\t\t\t\t\t\t\t\t\t\t\t\t\t<input size=\"1\" type=\"hidden\" name=\"form_fields[medium]\" id=\"form-field-medium\" class=\"elementor-field elementor-size-sm  elementor-field-textual\">\n\t\t\t\t\t\t\t\t\t\t\t<\/div>\n\t\t\t\t\t\t\t\t<div class=\"elementor-field-type-hidden elementor-field-group elementor-column elementor-field-group-gclid elementor-col-100\">\n\t\t\t\t\t\t\t\t\t\t\t\t\t<input size=\"1\" type=\"hidden\" name=\"form_fields[gclid]\" id=\"form-field-gclid\" class=\"elementor-field elementor-size-sm  elementor-field-textual\">\n\t\t\t\t\t\t\t\t\t\t\t<\/div>\n\t\t\t\t\t\t\t\t<div class=\"elementor-field-type-hidden elementor-field-group elementor-column elementor-field-group-msclkid elementor-col-100\">\n\t\t\t\t\t\t\t\t\t\t\t\t\t<input size=\"1\" type=\"hidden\" name=\"form_fields[msclkid]\" id=\"form-field-msclkid\" class=\"elementor-field elementor-size-sm  elementor-field-textual\">\n\t\t\t\t\t\t\t\t\t\t\t<\/div>\n\t\t\t\t\t\t\t\t<div class=\"elementor-field-type-hidden elementor-field-group elementor-column elementor-field-group-referrer elementor-col-100\">\n\t\t\t\t\t\t\t\t\t\t\t\t\t<input size=\"1\" type=\"hidden\" name=\"form_fields[referrer]\" id=\"form-field-referrer\" class=\"elementor-field elementor-size-sm  elementor-field-textual\">\n\t\t\t\t\t\t\t\t\t\t\t<\/div>\n\t\t\t\t\t\t\t\t<div class=\"elementor-field-type-hidden elementor-field-group elementor-column elementor-field-group-utm_medium elementor-col-100\">\n\t\t\t\t\t\t\t\t\t\t\t\t\t<input size=\"1\" type=\"hidden\" name=\"form_fields[utm_medium]\" id=\"form-field-utm_medium\" class=\"elementor-field elementor-size-sm  elementor-field-textual\">\n\t\t\t\t\t\t\t\t\t\t\t<\/div>\n\t\t\t\t\t\t\t\t<div class=\"elementor-field-type-hidden elementor-field-group elementor-column elementor-field-group-utm_campaign elementor-col-100\">\n\t\t\t\t\t\t\t\t\t\t\t\t\t<input size=\"1\" type=\"hidden\" name=\"form_fields[utm_campaign]\" id=\"form-field-utm_campaign\" class=\"elementor-field elementor-size-sm  elementor-field-textual\">\n\t\t\t\t\t\t\t\t\t\t\t<\/div>\n\t\t\t\t\t\t\t\t<div class=\"elementor-field-type-hidden elementor-field-group elementor-column elementor-field-group-utm_source elementor-col-100\">\n\t\t\t\t\t\t\t\t\t\t\t\t\t<input size=\"1\" type=\"hidden\" name=\"form_fields[utm_source]\" id=\"form-field-utm_source\" class=\"elementor-field elementor-size-sm  elementor-field-textual\">\n\t\t\t\t\t\t\t\t\t\t\t<\/div>\n\t\t\t\t\t\t\t\t<div class=\"elementor-field-group elementor-column elementor-field-type-submit elementor-col-100 e-form__buttons\">\n\t\t\t\t\t<button class=\"elementor-button elementor-size-sm\" type=\"submit\">\n\t\t\t\t\t\t<span class=\"elementor-button-content-wrapper\">\n\t\t\t\t\t\t\t\t\t\t\t\t\t\t\t\t\t\t\t\t\t\t<span class=\"elementor-button-text\">Registrieren<\/span>\n\t\t\t\t\t\t\t\t\t\t\t\t\t<\/span>\n\t\t\t\t\t<\/button>\n\t\t\t\t<\/div>\n\t\t\t<\/div>\n\t\t<\/form>\n\t\t\t\t\t\t<\/div>\n\t\t\t\t<\/div>\n\t\t\t\t\t<\/div>\n\t\t<\/div>\n\t\t\t\t\t<\/div>\n\t\t<\/section>\n\t\t\t\t<\/div>\n\t\t","protected":false},"excerpt":{"rendered":"<p>#HandsOnMetrology Dedicated to 3D metrology #HandsOnMetrology ist die neue Plattform f\u00fcr 3D-Messtechnik. Wir sind hier, um dich zu inspirieren und unser Wissen rund um 3D-Scanning zu teilen. Unser Content unterst\u00fctzt dich, loszulegen oder dein Know-how zu vertiefen. Wir bieten interessante Einblicke, Tipps und Tricks. Wir erz\u00e4hlen die Geschichten von Machern und ihren Projekten. Wir unterst\u00fctzen [&hellip;]<\/p>\n","protected":false},"author":1,"featured_media":0,"parent":0,"menu_order":86,"comment_status":"closed","ping_status":"closed","template":"","meta":{"_acf_changed":false,"cybocfi_hide_featured_image":"","footnotes":""},"class_list":["post-3265","page","type-page","status-publish","hentry"],"acf":[],"_links":{"self":[{"href":"https:\/\/www.handsonmetrology.com\/de\/wp-json\/wp\/v2\/pages\/3265","targetHints":{"allow":["GET"]}}],"collection":[{"href":"https:\/\/www.handsonmetrology.com\/de\/wp-json\/wp\/v2\/pages"}],"about":[{"href":"https:\/\/www.handsonmetrology.com\/de\/wp-json\/wp\/v2\/types\/page"}],"author":[{"embeddable":true,"href":"https:\/\/www.handsonmetrology.com\/de\/wp-json\/wp\/v2\/users\/1"}],"replies":[{"embeddable":true,"href":"https:\/\/www.handsonmetrology.com\/de\/wp-json\/wp\/v2\/comments?post=3265"}],"version-history":[{"count":12,"href":"https:\/\/www.handsonmetrology.com\/de\/wp-json\/wp\/v2\/pages\/3265\/revisions"}],"predecessor-version":[{"id":59359,"href":"https:\/\/www.handsonmetrology.com\/de\/wp-json\/wp\/v2\/pages\/3265\/revisions\/59359"}],"wp:attachment":[{"href":"https:\/\/www.handsonmetrology.com\/de\/wp-json\/wp\/v2\/media?parent=3265"}],"curies":[{"name":"wp","href":"https:\/\/api.w.org\/{rel}","templated":true}]}}