{"id":57649,"date":"2021-08-08T23:59:53","date_gmt":"2021-08-08T21:59:53","guid":{"rendered":"https:\/\/www.handsonmetrology.com\/about\/"},"modified":"2025-08-07T17:01:17","modified_gmt":"2025-08-07T15:01:17","slug":"about","status":"publish","type":"page","link":"https:\/\/www.handsonmetrology.com\/fr\/about\/","title":{"rendered":"\u00c0 propos"},"content":{"rendered":"\t\t<div data-elementor-type=\"wp-page\" data-elementor-id=\"57649\" class=\"elementor elementor-57649 elementor-41\" data-elementor-post-type=\"page\">\n\t\t\t\t\t\t<section class=\"elementor-section elementor-top-section elementor-element elementor-element-15ba7a4f hom-header elementor-section-boxed elementor-section-height-default elementor-section-height-default\" data-id=\"15ba7a4f\" data-element_type=\"section\" data-e-type=\"section\" data-settings=\"{&quot;background_background&quot;:&quot;classic&quot;}\">\n\t\t\t\t\t\t<div class=\"elementor-container elementor-column-gap-default\">\n\t\t\t\t\t<div class=\"elementor-column elementor-col-100 elementor-top-column elementor-element elementor-element-1f1f054b\" data-id=\"1f1f054b\" data-element_type=\"column\" data-e-type=\"column\">\n\t\t\t<div class=\"elementor-widget-wrap elementor-element-populated\">\n\t\t\t\t\t\t<div class=\"elementor-element elementor-element-39695e9b elementor-widget elementor-widget-heading\" data-id=\"39695e9b\" data-element_type=\"widget\" data-e-type=\"widget\" data-widget_type=\"heading.default\">\n\t\t\t\t<div class=\"elementor-widget-container\">\n\t\t\t\t\t<h2 class=\"elementor-heading-title elementor-size-default\">#HandsOnMetrology<\/h2>\t\t\t\t<\/div>\n\t\t\t\t<\/div>\n\t\t\t\t\t<\/div>\n\t\t<\/div>\n\t\t\t\t\t<\/div>\n\t\t<\/section>\n\t\t\t\t<section class=\"elementor-section elementor-top-section elementor-element elementor-element-3e70f0fc hom-image-and-text image-first much-text elementor-section-boxed elementor-section-height-default elementor-section-height-default\" data-id=\"3e70f0fc\" data-element_type=\"section\" data-e-type=\"section\">\n\t\t\t\t\t\t<div class=\"elementor-container elementor-column-gap-default\">\n\t\t\t\t\t<div class=\"elementor-column elementor-col-50 elementor-top-column elementor-element elementor-element-7b86ecbf\" data-id=\"7b86ecbf\" data-element_type=\"column\" data-e-type=\"column\">\n\t\t\t<div class=\"elementor-widget-wrap elementor-element-populated\">\n\t\t\t\t\t\t<div class=\"elementor-element elementor-element-675d43d6 elementor-widget elementor-widget-image\" data-id=\"675d43d6\" data-element_type=\"widget\" data-e-type=\"widget\" data-widget_type=\"image.default\">\n\t\t\t\t<div class=\"elementor-widget-container\">\n\t\t\t\t\t\t\t\t\t\t\t\t\t\t\t<img fetchpriority=\"high\" decoding=\"async\" width=\"800\" height=\"534\" src=\"https:\/\/www.handsonmetrology.com\/wp-content\/uploads\/2023\/01\/HOM_T-SCAN-hawk_2_system4-1024x683.png\" class=\"attachment-large size-large wp-image-28428\" alt=\"zeiss-t-scan-hawk-2-portable-handheld-3d-laser-scanner\" srcset=\"https:\/\/www.handsonmetrology.com\/wp-content\/uploads\/2023\/01\/HOM_T-SCAN-hawk_2_system4-1024x683.png 1024w, https:\/\/www.handsonmetrology.com\/wp-content\/uploads\/2023\/01\/HOM_T-SCAN-hawk_2_system4-300x200.png 300w, https:\/\/www.handsonmetrology.com\/wp-content\/uploads\/2023\/01\/HOM_T-SCAN-hawk_2_system4-768x512.png 768w, https:\/\/www.handsonmetrology.com\/wp-content\/uploads\/2023\/01\/HOM_T-SCAN-hawk_2_system4-1536x1025.png 1536w, https:\/\/www.handsonmetrology.com\/wp-content\/uploads\/2023\/01\/HOM_T-SCAN-hawk_2_system4.png 1920w\" sizes=\"(max-width: 800px) 100vw, 800px\" \/>\t\t\t\t\t\t\t\t\t\t\t\t\t\t\t<\/div>\n\t\t\t\t<\/div>\n\t\t\t\t\t<\/div>\n\t\t<\/div>\n\t\t\t\t<div class=\"elementor-column elementor-col-50 elementor-top-column elementor-element elementor-element-716d80c9\" data-id=\"716d80c9\" data-element_type=\"column\" data-e-type=\"column\">\n\t\t\t<div class=\"elementor-widget-wrap elementor-element-populated\">\n\t\t\t\t\t\t<div class=\"elementor-element elementor-element-318bcb72 hom-image-text-heading elementor-widget elementor-widget-heading\" data-id=\"318bcb72\" data-element_type=\"widget\" data-e-type=\"widget\" data-widget_type=\"heading.default\">\n\t\t\t\t<div class=\"elementor-widget-container\">\n\t\t\t\t\t<h2 class=\"elementor-heading-title elementor-size-default\">Sp\u00e9cialistes de la m\u00e9trologie 3D<\/h2>\t\t\t\t<\/div>\n\t\t\t\t<\/div>\n\t\t\t\t<div class=\"elementor-element elementor-element-b7887b hom-image-text-text elementor-widget elementor-widget-text-editor\" data-id=\"b7887b\" data-element_type=\"widget\" data-e-type=\"widget\" data-widget_type=\"text-editor.default\">\n\t\t\t\t<div class=\"elementor-widget-container\">\n\t\t\t\t\t\t\t\t\t<p>HandsOnMetrology est le nouveau centre de la m\u00e9trologie 3D. Nous d\u00e9sirons vous inspirer et vous informer. Nous le faisons gr\u00e2ce \u00e0 des s\u00e9ances vid\u00e9os qui vous permettent de d\u00e9buter ou d&rsquo;am\u00e9liorer vos connaissances en mati\u00e8re de scan 3D et d&rsquo;inspection 3D, en vous donnant des conseils et des trucs et astuces, en vous racontant des histoires sur les utilisateurs et leurs projets, et en vous aidant \u00e0 atteindre la qualit\u00e9 et la pr\u00e9cision. Finalement, nous vous fournissons des solutions mobiles et faciles \u00e0 utiliser qui vous accompagnent dans chacune de vos t\u00e2ches. Quel que soit le d\u00e9fi &#8211; relevons-le ensemble.<\/p>\n\t\t\t\t\t\t\t\t<\/div>\n\t\t\t\t<\/div>\n\t\t\t\t\t<\/div>\n\t\t<\/div>\n\t\t\t\t\t<\/div>\n\t\t<\/section>\n\t\t\t\t<section class=\"elementor-section elementor-top-section elementor-element elementor-element-2d190eae hom-image-and-text text-first much-text elementor-section-boxed elementor-section-height-default elementor-section-height-default\" data-id=\"2d190eae\" data-element_type=\"section\" data-e-type=\"section\">\n\t\t\t\t\t\t<div class=\"elementor-container elementor-column-gap-default\">\n\t\t\t\t\t<div class=\"elementor-column elementor-col-50 elementor-top-column elementor-element elementor-element-3e6e6a94\" data-id=\"3e6e6a94\" data-element_type=\"column\" data-e-type=\"column\">\n\t\t\t<div class=\"elementor-widget-wrap elementor-element-populated\">\n\t\t\t\t\t\t<div class=\"elementor-element elementor-element-73f74c76 elementor-widget elementor-widget-image\" data-id=\"73f74c76\" data-element_type=\"widget\" data-e-type=\"widget\" data-widget_type=\"image.default\">\n\t\t\t\t<div class=\"elementor-widget-container\">\n\t\t\t\t\t\t\t\t\t\t\t\t\t\t\t<img decoding=\"async\" width=\"800\" height=\"534\" src=\"https:\/\/www.handsonmetrology.com\/wp-content\/uploads\/2024\/04\/gom_scan1_SD_240221_0835_1-1024x683.jpg\" class=\"attachment-large size-large wp-image-45541\" alt=\"\" srcset=\"https:\/\/www.handsonmetrology.com\/wp-content\/uploads\/2024\/04\/gom_scan1_SD_240221_0835_1-1024x683.jpg 1024w, https:\/\/www.handsonmetrology.com\/wp-content\/uploads\/2024\/04\/gom_scan1_SD_240221_0835_1-300x200.jpg 300w, https:\/\/www.handsonmetrology.com\/wp-content\/uploads\/2024\/04\/gom_scan1_SD_240221_0835_1-768x512.jpg 768w, https:\/\/www.handsonmetrology.com\/wp-content\/uploads\/2024\/04\/gom_scan1_SD_240221_0835_1-1536x1025.jpg 1536w, https:\/\/www.handsonmetrology.com\/wp-content\/uploads\/2024\/04\/gom_scan1_SD_240221_0835_1.jpg 1920w\" sizes=\"(max-width: 800px) 100vw, 800px\" \/>\t\t\t\t\t\t\t\t\t\t\t\t\t\t\t<\/div>\n\t\t\t\t<\/div>\n\t\t\t\t\t<\/div>\n\t\t<\/div>\n\t\t\t\t<div class=\"elementor-column elementor-col-50 elementor-top-column elementor-element elementor-element-2ef495e1\" data-id=\"2ef495e1\" data-element_type=\"column\" data-e-type=\"column\">\n\t\t\t<div class=\"elementor-widget-wrap elementor-element-populated\">\n\t\t\t\t\t\t<div class=\"elementor-element elementor-element-51938247 hom-image-text-heading elementor-widget elementor-widget-heading\" data-id=\"51938247\" data-element_type=\"widget\" data-e-type=\"widget\" data-widget_type=\"heading.default\">\n\t\t\t\t<div class=\"elementor-widget-container\">\n\t\t\t\t\t<h2 class=\"elementor-heading-title elementor-size-default\">Communaut\u00e9 d\u2019utilisateurs <\/h2>\t\t\t\t<\/div>\n\t\t\t\t<\/div>\n\t\t\t\t<div class=\"elementor-element elementor-element-5a6e59a3 hom-image-text-text elementor-widget elementor-widget-text-editor\" data-id=\"5a6e59a3\" data-element_type=\"widget\" data-e-type=\"widget\" data-widget_type=\"text-editor.default\">\n\t\t\t\t<div class=\"elementor-widget-container\">\n\t\t\t\t\t\t\t\t\t<p>#HandsOnMetrology pr\u00e9sente une gamme de produits ZEISS pour le scan 3D. Notre objectif est d&rsquo;\u00e9tablir de nouvelles normes dans le domaine de la m\u00e9trologie 3D et de faire conna\u00eetre ses nombreuses applications. Nous soutenons notre communaut\u00e9 de concepteurs, de techniciens, d&rsquo;ing\u00e9nieurs, de scientifiques et de sp\u00e9cialistes gr\u00e2ce \u00e0 de pr\u00e9cieuses connaissances permettant d&rsquo;am\u00e9liorer la qualit\u00e9 des produits, d&rsquo;optimiser les processus et d&rsquo;\u00e9largir les possibilit\u00e9s.<\/p>\n\t\t\t\t\t\t\t\t<\/div>\n\t\t\t\t<\/div>\n\t\t\t\t\t<\/div>\n\t\t<\/div>\n\t\t\t\t\t<\/div>\n\t\t<\/section>\n\t\t\t\t<section class=\"elementor-section elementor-top-section elementor-element elementor-element-736259a7 hom-container elementor-section-boxed elementor-section-height-default elementor-section-height-default\" data-id=\"736259a7\" data-element_type=\"section\" data-e-type=\"section\">\n\t\t\t\t\t\t<div class=\"elementor-container elementor-column-gap-default\">\n\t\t\t\t\t<div class=\"elementor-column elementor-col-100 elementor-top-column elementor-element elementor-element-50bc4055\" data-id=\"50bc4055\" data-element_type=\"column\" data-e-type=\"column\">\n\t\t\t<div class=\"elementor-widget-wrap elementor-element-populated\">\n\t\t\t\t\t\t<div class=\"elementor-element elementor-element-68da90fa hom-h2 elementor-widget elementor-widget-heading\" data-id=\"68da90fa\" data-element_type=\"widget\" data-e-type=\"widget\" data-widget_type=\"heading.default\">\n\t\t\t\t<div class=\"elementor-widget-container\">\n\t\t\t\t\t<h2 class=\"elementor-heading-title elementor-size-default\">Nous souhaitons vous inspirer et vous informer<\/h2>\t\t\t\t<\/div>\n\t\t\t\t<\/div>\n\t\t\t\t<div class=\"elementor-element elementor-element-19d9a44b elementor-widget elementor-widget-video\" data-id=\"19d9a44b\" data-element_type=\"widget\" data-e-type=\"widget\" data-settings=\"{&quot;youtube_url&quot;:&quot;https:\\\/\\\/youtu.be\\\/xidUj48PNxw&quot;,&quot;image_overlay&quot;:{&quot;url&quot;:&quot;https:\\\/\\\/www.handsonmetrology.com\\\/wp-content\\\/uploads\\\/2021\\\/11\\\/10_about_us_video.jpg&quot;,&quot;id&quot;:18313,&quot;size&quot;:&quot;&quot;,&quot;alt&quot;:&quot;&quot;,&quot;source&quot;:&quot;library&quot;},&quot;show_image_overlay&quot;:&quot;yes&quot;,&quot;video_type&quot;:&quot;youtube&quot;,&quot;controls&quot;:&quot;yes&quot;}\" data-widget_type=\"video.default\">\n\t\t\t\t<div class=\"elementor-widget-container\">\n\t\t\t\t\t\t\t<div class=\"elementor-wrapper elementor-open-inline\">\n\t\t\t<div class=\"elementor-video\"><\/div>\t\t\t\t<div class=\"elementor-custom-embed-image-overlay\" style=\"background-image: url(https:\/\/www.handsonmetrology.com\/wp-content\/uploads\/2021\/11\/10_about_us_video.jpg);\">\n\t\t\t\t\t\t\t\t\t\t\t\t\t\t\t\t<div class=\"elementor-custom-embed-play\" role=\"button\" aria-label=\"Lire la vid\u00e9o\" tabindex=\"0\">\n\t\t\t\t\t\t\t<i aria-hidden=\"true\" class=\"eicon-play\"><\/i>\t\t\t\t\t\t<\/div>\n\t\t\t\t\t\t\t\t\t<\/div>\n\t\t\t\t\t<\/div>\n\t\t\t\t\t\t<\/div>\n\t\t\t\t<\/div>\n\t\t\t\t<div class=\"elementor-element elementor-element-a8ca387 elementor-hidden-desktop elementor-hidden-laptop elementor-hidden-tablet_extra elementor-hidden-tablet elementor-hidden-mobile elementor-widget elementor-widget-text-editor\" data-id=\"a8ca387\" data-element_type=\"widget\" data-e-type=\"widget\" data-widget_type=\"text-editor.default\">\n\t\t\t\t<div class=\"elementor-widget-container\">\n\t\t\t\t\t\t\t\t\t<p>HandsOnMetrology, part of the Zeiss Group, specializes in industrial 3D coordinate measuring technology, 3D computed tomography and 3D testing. The company is a one-stop shop for manual and automated 3D digitizing equipment and systems, evaluation software, training courses and professional technical support for customers worldwide.<\/p>\n\t\t\t\t\t\t\t\t<\/div>\n\t\t\t\t<\/div>\n\t\t\t\t\t<\/div>\n\t\t<\/div>\n\t\t\t\t\t<\/div>\n\t\t<\/section>\n\t\t\t\t<section class=\"elementor-section elementor-top-section elementor-element elementor-element-4f1d3935 hom-join-mailing-captcha elementor-section-boxed elementor-section-height-default elementor-section-height-default\" data-id=\"4f1d3935\" data-element_type=\"section\" data-e-type=\"section\" data-settings=\"{&quot;background_background&quot;:&quot;classic&quot;}\">\n\t\t\t\t\t\t<div class=\"elementor-container elementor-column-gap-default\">\n\t\t\t\t\t<div class=\"elementor-column elementor-col-100 elementor-top-column elementor-element elementor-element-448583d6\" data-id=\"448583d6\" data-element_type=\"column\" data-e-type=\"column\">\n\t\t\t<div class=\"elementor-widget-wrap elementor-element-populated\">\n\t\t\t\t\t\t<div class=\"elementor-element elementor-element-3a968686 elementor-widget elementor-widget-heading\" data-id=\"3a968686\" data-element_type=\"widget\" data-e-type=\"widget\" data-widget_type=\"heading.default\">\n\t\t\t\t<div class=\"elementor-widget-container\">\n\t\t\t\t\t<h3 class=\"elementor-heading-title elementor-size-default\">Abonnez-vous \u00e0 notre newsletter    <\/h3>\t\t\t\t<\/div>\n\t\t\t\t<\/div>\n\t\t\t\t<div class=\"elementor-element elementor-element-2c41f2d7 elementor-widget elementor-widget-heading\" data-id=\"2c41f2d7\" data-element_type=\"widget\" data-e-type=\"widget\" data-widget_type=\"heading.default\">\n\t\t\t\t<div class=\"elementor-widget-container\">\n\t\t\t\t\t<h2 class=\"elementor-heading-title elementor-size-default\">D\u00e9couvrez les nouveaut\u00e9s avant tout le monde  <\/h2>\t\t\t\t<\/div>\n\t\t\t\t<\/div>\n\t\t\t\t<div class=\"elementor-element elementor-element-0f737e4 elementor-align-center elementor-mobile-align-center elementor-widget elementor-widget-button\" data-id=\"0f737e4\" data-element_type=\"widget\" data-e-type=\"widget\" data-widget_type=\"button.default\">\n\t\t\t\t<div class=\"elementor-widget-container\">\n\t\t\t\t\t\t\t<div class=\"elementor-button-wrapper\">\n\t\t\t<a href=\"https:\/\/www.handsonmetrology.com\/fr\/join-our-newsletter\/\" class=\"elementor-button-link elementor-button elementor-size-sm\" role=\"button\">\n\t\t\t\t\t\t<span class=\"elementor-button-content-wrapper\">\n\t\t\t\t\t\t<span class=\"elementor-button-text\">Abonnement<\/span>\n\t\t<\/span>\n\t\t\t\t\t<\/a>\n\t\t<\/div>\n        \t\t\t\t<\/div>\n\t\t\t\t<\/div>\n\t\t\t\t\t<\/div>\n\t\t<\/div>\n\t\t\t\t\t<\/div>\n\t\t<\/section>\n\t\t\t\t<\/div>\n\t\t","protected":false},"excerpt":{"rendered":"<p>#HandsOnMetrology Sp\u00e9cialistes de la m\u00e9trologie 3D HandsOnMetrology est le nouveau centre de la m\u00e9trologie 3D. Nous d\u00e9sirons vous inspirer et vous informer. Nous le faisons gr\u00e2ce \u00e0 des s\u00e9ances vid\u00e9os qui vous permettent de d\u00e9buter ou d&rsquo;am\u00e9liorer vos connaissances en mati\u00e8re de scan 3D et d&rsquo;inspection 3D, en vous donnant des conseils et des trucs [&hellip;]<\/p>\n","protected":false},"author":1,"featured_media":0,"parent":0,"menu_order":86,"comment_status":"closed","ping_status":"closed","template":"","meta":{"_acf_changed":false,"cybocfi_hide_featured_image":"","footnotes":""},"class_list":["post-57649","page","type-page","status-publish","hentry"],"acf":[],"_links":{"self":[{"href":"https:\/\/www.handsonmetrology.com\/fr\/wp-json\/wp\/v2\/pages\/57649","targetHints":{"allow":["GET"]}}],"collection":[{"href":"https:\/\/www.handsonmetrology.com\/fr\/wp-json\/wp\/v2\/pages"}],"about":[{"href":"https:\/\/www.handsonmetrology.com\/fr\/wp-json\/wp\/v2\/types\/page"}],"author":[{"embeddable":true,"href":"https:\/\/www.handsonmetrology.com\/fr\/wp-json\/wp\/v2\/users\/1"}],"replies":[{"embeddable":true,"href":"https:\/\/www.handsonmetrology.com\/fr\/wp-json\/wp\/v2\/comments?post=57649"}],"version-history":[{"count":3,"href":"https:\/\/www.handsonmetrology.com\/fr\/wp-json\/wp\/v2\/pages\/57649\/revisions"}],"predecessor-version":[{"id":61433,"href":"https:\/\/www.handsonmetrology.com\/fr\/wp-json\/wp\/v2\/pages\/57649\/revisions\/61433"}],"wp:attachment":[{"href":"https:\/\/www.handsonmetrology.com\/fr\/wp-json\/wp\/v2\/media?parent=57649"}],"curies":[{"name":"wp","href":"https:\/\/api.w.org\/{rel}","templated":true}]}}