{"id":58337,"date":"2021-08-08T23:59:53","date_gmt":"2021-08-08T21:59:53","guid":{"rendered":"https:\/\/www.handsonmetrology.com\/about\/"},"modified":"2025-08-07T17:05:09","modified_gmt":"2025-08-07T15:05:09","slug":"about","status":"publish","type":"page","link":"https:\/\/www.handsonmetrology.com\/pl\/about\/","title":{"rendered":"O nas"},"content":{"rendered":"\t\t<div data-elementor-type=\"wp-page\" data-elementor-id=\"58337\" class=\"elementor elementor-58337 elementor-41\" data-elementor-post-type=\"page\">\n\t\t\t\t\t\t<section class=\"elementor-section elementor-top-section elementor-element elementor-element-15ba7a4f hom-header elementor-section-boxed elementor-section-height-default elementor-section-height-default\" data-id=\"15ba7a4f\" data-element_type=\"section\" data-e-type=\"section\" data-settings=\"{&quot;background_background&quot;:&quot;classic&quot;}\">\n\t\t\t\t\t\t<div class=\"elementor-container elementor-column-gap-default\">\n\t\t\t\t\t<div class=\"elementor-column elementor-col-100 elementor-top-column elementor-element elementor-element-1f1f054b\" data-id=\"1f1f054b\" data-element_type=\"column\" data-e-type=\"column\">\n\t\t\t<div class=\"elementor-widget-wrap elementor-element-populated\">\n\t\t\t\t\t\t<div class=\"elementor-element elementor-element-39695e9b elementor-widget elementor-widget-heading\" data-id=\"39695e9b\" data-element_type=\"widget\" data-e-type=\"widget\" data-widget_type=\"heading.default\">\n\t\t\t\t<div class=\"elementor-widget-container\">\n\t\t\t\t\t<h2 class=\"elementor-heading-title elementor-size-default\">#HandsOnMetrology<\/h2>\t\t\t\t<\/div>\n\t\t\t\t<\/div>\n\t\t\t\t\t<\/div>\n\t\t<\/div>\n\t\t\t\t\t<\/div>\n\t\t<\/section>\n\t\t\t\t<section class=\"elementor-section elementor-top-section elementor-element elementor-element-3e70f0fc hom-image-and-text image-first much-text elementor-section-boxed elementor-section-height-default elementor-section-height-default\" data-id=\"3e70f0fc\" data-element_type=\"section\" data-e-type=\"section\">\n\t\t\t\t\t\t<div class=\"elementor-container elementor-column-gap-default\">\n\t\t\t\t\t<div class=\"elementor-column elementor-col-50 elementor-top-column elementor-element elementor-element-7b86ecbf\" data-id=\"7b86ecbf\" data-element_type=\"column\" data-e-type=\"column\">\n\t\t\t<div class=\"elementor-widget-wrap elementor-element-populated\">\n\t\t\t\t\t\t<div class=\"elementor-element elementor-element-675d43d6 elementor-widget elementor-widget-image\" data-id=\"675d43d6\" data-element_type=\"widget\" data-e-type=\"widget\" data-widget_type=\"image.default\">\n\t\t\t\t<div class=\"elementor-widget-container\">\n\t\t\t\t\t\t\t\t\t\t\t\t\t\t\t<img fetchpriority=\"high\" decoding=\"async\" width=\"800\" height=\"534\" src=\"https:\/\/www.handsonmetrology.com\/wp-content\/uploads\/2023\/01\/HOM_T-SCAN-hawk_2_system4-1024x683.png\" class=\"attachment-large size-large wp-image-58345\" alt=\"\" srcset=\"https:\/\/www.handsonmetrology.com\/wp-content\/uploads\/2023\/01\/HOM_T-SCAN-hawk_2_system4-1024x683.png 1024w, https:\/\/www.handsonmetrology.com\/wp-content\/uploads\/2023\/01\/HOM_T-SCAN-hawk_2_system4-300x200.png 300w, https:\/\/www.handsonmetrology.com\/wp-content\/uploads\/2023\/01\/HOM_T-SCAN-hawk_2_system4-768x512.png 768w, https:\/\/www.handsonmetrology.com\/wp-content\/uploads\/2023\/01\/HOM_T-SCAN-hawk_2_system4-1536x1025.png 1536w, https:\/\/www.handsonmetrology.com\/wp-content\/uploads\/2023\/01\/HOM_T-SCAN-hawk_2_system4.png 1920w\" sizes=\"(max-width: 800px) 100vw, 800px\" \/>\t\t\t\t\t\t\t\t\t\t\t\t\t\t\t<\/div>\n\t\t\t\t<\/div>\n\t\t\t\t\t<\/div>\n\t\t<\/div>\n\t\t\t\t<div class=\"elementor-column elementor-col-50 elementor-top-column elementor-element elementor-element-716d80c9\" data-id=\"716d80c9\" data-element_type=\"column\" data-e-type=\"column\">\n\t\t\t<div class=\"elementor-widget-wrap elementor-element-populated\">\n\t\t\t\t\t\t<div class=\"elementor-element elementor-element-318bcb72 hom-image-text-heading elementor-widget elementor-widget-heading\" data-id=\"318bcb72\" data-element_type=\"widget\" data-e-type=\"widget\" data-widget_type=\"heading.default\">\n\t\t\t\t<div class=\"elementor-widget-container\">\n\t\t\t\t\t<h2 class=\"elementor-heading-title elementor-size-default\">Dedykowani metrologii 3D  <\/h2>\t\t\t\t<\/div>\n\t\t\t\t<\/div>\n\t\t\t\t<div class=\"elementor-element elementor-element-b7887b hom-image-text-text elementor-widget elementor-widget-text-editor\" data-id=\"b7887b\" data-element_type=\"widget\" data-e-type=\"widget\" data-widget_type=\"text-editor.default\">\n\t\t\t\t<div class=\"elementor-widget-container\">\n\t\t\t\t\t\t\t\t\t<p>#HandsOnMetrology jest platform\u0105 przeznaczon\u0105 metrologii 3D. Jeste\u015bmy po to, by inspirowa\u0107 i dzieli\u0107 si\u0119 nasz\u0105 wiedz\u0105 na temat skanowania 3D. Nasze sesje wideo pomagaj\u0105 u\u017cytkownikom rozpocz\u0105\u0107 i rozszerzy\u0107 swoj\u0105 wiedz\u0119 w zakresie skanowania 3D oraz inspekcji 3D. Oferujemy wskaz\u00f3wki i porady opowiadaj\u0105c o historiach r\u00f3\u017cnych tw\u00f3rc\u00f3w i ich projektach. Pomagamy w osi\u0105ganiu wysokiej jako\u015bci i precyzji zada\u0144 pomiarowych. Dostarczamy elastyczne i przyjazne dla u\u017cytkownika rozwi\u0105zania skanowania 3D, kt\u00f3re wspieraj\u0105 ka\u017cdy etap procesu. Niezale\u017cnie od wyzwania &#8211; zr\u00f3bmy to razem.<\/p>\n\t\t\t\t\t\t\t\t<\/div>\n\t\t\t\t<\/div>\n\t\t\t\t\t<\/div>\n\t\t<\/div>\n\t\t\t\t\t<\/div>\n\t\t<\/section>\n\t\t\t\t<section class=\"elementor-section elementor-top-section elementor-element elementor-element-2d190eae hom-image-and-text text-first much-text elementor-section-boxed elementor-section-height-default elementor-section-height-default\" data-id=\"2d190eae\" data-element_type=\"section\" data-e-type=\"section\">\n\t\t\t\t\t\t<div class=\"elementor-container elementor-column-gap-default\">\n\t\t\t\t\t<div class=\"elementor-column elementor-col-50 elementor-top-column elementor-element elementor-element-3e6e6a94\" data-id=\"3e6e6a94\" data-element_type=\"column\" data-e-type=\"column\">\n\t\t\t<div class=\"elementor-widget-wrap elementor-element-populated\">\n\t\t\t\t\t\t<div class=\"elementor-element elementor-element-73f74c76 elementor-widget elementor-widget-image\" data-id=\"73f74c76\" data-element_type=\"widget\" data-e-type=\"widget\" data-widget_type=\"image.default\">\n\t\t\t\t<div class=\"elementor-widget-container\">\n\t\t\t\t\t\t\t\t\t\t\t\t\t\t\t<img decoding=\"async\" width=\"800\" height=\"534\" src=\"https:\/\/www.handsonmetrology.com\/wp-content\/uploads\/2024\/04\/gom_scan1_SD_240221_0835_1-1024x683.jpg\" class=\"attachment-large size-large wp-image-58347\" alt=\"\" srcset=\"https:\/\/www.handsonmetrology.com\/wp-content\/uploads\/2024\/04\/gom_scan1_SD_240221_0835_1-1024x683.jpg 1024w, https:\/\/www.handsonmetrology.com\/wp-content\/uploads\/2024\/04\/gom_scan1_SD_240221_0835_1-300x200.jpg 300w, https:\/\/www.handsonmetrology.com\/wp-content\/uploads\/2024\/04\/gom_scan1_SD_240221_0835_1-768x512.jpg 768w, https:\/\/www.handsonmetrology.com\/wp-content\/uploads\/2024\/04\/gom_scan1_SD_240221_0835_1-1536x1025.jpg 1536w, https:\/\/www.handsonmetrology.com\/wp-content\/uploads\/2024\/04\/gom_scan1_SD_240221_0835_1.jpg 1920w\" sizes=\"(max-width: 800px) 100vw, 800px\" \/>\t\t\t\t\t\t\t\t\t\t\t\t\t\t\t<\/div>\n\t\t\t\t<\/div>\n\t\t\t\t\t<\/div>\n\t\t<\/div>\n\t\t\t\t<div class=\"elementor-column elementor-col-50 elementor-top-column elementor-element elementor-element-2ef495e1\" data-id=\"2ef495e1\" data-element_type=\"column\" data-e-type=\"column\">\n\t\t\t<div class=\"elementor-widget-wrap elementor-element-populated\">\n\t\t\t\t\t\t<div class=\"elementor-element elementor-element-51938247 hom-image-text-heading elementor-widget elementor-widget-heading\" data-id=\"51938247\" data-element_type=\"widget\" data-e-type=\"widget\" data-widget_type=\"heading.default\">\n\t\t\t\t<div class=\"elementor-widget-container\">\n\t\t\t\t\t<h2 class=\"elementor-heading-title elementor-size-default\">Spo\u0142eczno\u015b\u0107 tw\u00f3rc\u00f3w<\/h2>\t\t\t\t<\/div>\n\t\t\t\t<\/div>\n\t\t\t\t<div class=\"elementor-element elementor-element-5a6e59a3 hom-image-text-text elementor-widget elementor-widget-text-editor\" data-id=\"5a6e59a3\" data-element_type=\"widget\" data-e-type=\"widget\" data-widget_type=\"text-editor.default\">\n\t\t\t\t<div class=\"elementor-widget-container\">\n\t\t\t\t\t\t\t\t\t<p>#HandsOnMetrology prezentuje portfolio rozwi\u0105za\u0144 do skanowania 3D firmy ZEISS. Naszym celem jest wyznaczanie nowych standard\u00f3w w metrologii 3D i dzielenie si\u0119 informacjami o jej r\u00f3\u017cnorodnych zastosowaniach. Wspieramy nasz\u0105 spo\u0142eczno\u015b\u0107 projektant\u00f3w, technik\u00f3w, in\u017cynier\u00f3w, naukowc\u00f3w i specjalist\u00f3w przekazuj\u0105c im cenn\u0105 wiedz\u0119, kt\u00f3ra pozwala zwi\u0119ksza\u0107 jako\u015b\u0107 produkt\u00f3w, optymalizowa\u0107 procesy i przesuwa\u0107 granice tego, co mo\u017cliwe.<\/p>\n\t\t\t\t\t\t\t\t<\/div>\n\t\t\t\t<\/div>\n\t\t\t\t\t<\/div>\n\t\t<\/div>\n\t\t\t\t\t<\/div>\n\t\t<\/section>\n\t\t\t\t<section class=\"elementor-section elementor-top-section elementor-element elementor-element-736259a7 hom-container elementor-section-boxed elementor-section-height-default elementor-section-height-default\" data-id=\"736259a7\" data-element_type=\"section\" data-e-type=\"section\">\n\t\t\t\t\t\t<div class=\"elementor-container elementor-column-gap-default\">\n\t\t\t\t\t<div class=\"elementor-column elementor-col-100 elementor-top-column elementor-element elementor-element-50bc4055\" data-id=\"50bc4055\" data-element_type=\"column\" data-e-type=\"column\">\n\t\t\t<div class=\"elementor-widget-wrap elementor-element-populated\">\n\t\t\t\t\t\t<div class=\"elementor-element elementor-element-68da90fa hom-h2 elementor-widget elementor-widget-heading\" data-id=\"68da90fa\" data-element_type=\"widget\" data-e-type=\"widget\" data-widget_type=\"heading.default\">\n\t\t\t\t<div class=\"elementor-widget-container\">\n\t\t\t\t\t<h2 class=\"elementor-heading-title elementor-size-default\">Jeste\u015bmy po to, by dzieli\u0107 si\u0119 wiedz\u0105 oraz inspirowa\u0107    <\/h2>\t\t\t\t<\/div>\n\t\t\t\t<\/div>\n\t\t\t\t<div class=\"elementor-element elementor-element-19d9a44b elementor-widget elementor-widget-video\" data-id=\"19d9a44b\" data-element_type=\"widget\" data-e-type=\"widget\" data-settings=\"{&quot;youtube_url&quot;:&quot;https:\\\/\\\/youtu.be\\\/xidUj48PNxw&quot;,&quot;image_overlay&quot;:{&quot;url&quot;:&quot;https:\\\/\\\/www.handsonmetrology.com\\\/wp-content\\\/uploads\\\/2021\\\/11\\\/10_about_us_video.jpg&quot;,&quot;id&quot;:58343,&quot;size&quot;:&quot;&quot;,&quot;alt&quot;:&quot;&quot;,&quot;source&quot;:&quot;library&quot;},&quot;show_image_overlay&quot;:&quot;yes&quot;,&quot;video_type&quot;:&quot;youtube&quot;,&quot;controls&quot;:&quot;yes&quot;}\" data-widget_type=\"video.default\">\n\t\t\t\t<div class=\"elementor-widget-container\">\n\t\t\t\t\t\t\t<div class=\"elementor-wrapper elementor-open-inline\">\n\t\t\t<div class=\"elementor-video\"><\/div>\t\t\t\t<div class=\"elementor-custom-embed-image-overlay\" style=\"background-image: url(https:\/\/www.handsonmetrology.com\/wp-content\/uploads\/2021\/11\/10_about_us_video.jpg);\">\n\t\t\t\t\t\t\t\t\t\t\t\t\t\t\t\t<div class=\"elementor-custom-embed-play\" role=\"button\" aria-label=\"Odtw\u00f3rz film\" tabindex=\"0\">\n\t\t\t\t\t\t\t<i aria-hidden=\"true\" class=\"eicon-play\"><\/i>\t\t\t\t\t\t<\/div>\n\t\t\t\t\t\t\t\t\t<\/div>\n\t\t\t\t\t<\/div>\n\t\t\t\t\t\t<\/div>\n\t\t\t\t<\/div>\n\t\t\t\t<div class=\"elementor-element elementor-element-a8ca387 elementor-hidden-desktop elementor-hidden-laptop elementor-hidden-tablet_extra elementor-hidden-tablet elementor-hidden-mobile elementor-widget elementor-widget-text-editor\" data-id=\"a8ca387\" data-element_type=\"widget\" data-e-type=\"widget\" data-widget_type=\"text-editor.default\">\n\t\t\t\t<div class=\"elementor-widget-container\">\n\t\t\t\t\t\t\t\t\t<p>HandsOnMetrology, part of the Zeiss Group, specializes in industrial 3D coordinate measuring technology, 3D computed tomography and 3D testing. The company is a one-stop shop for manual and automated 3D digitizing equipment and systems, evaluation software, training courses and professional technical support for customers worldwide.<\/p>\n\t\t\t\t\t\t\t\t<\/div>\n\t\t\t\t<\/div>\n\t\t\t\t\t<\/div>\n\t\t<\/div>\n\t\t\t\t\t<\/div>\n\t\t<\/section>\n\t\t\t\t<section class=\"elementor-section elementor-top-section elementor-element elementor-element-4f1d3935 hom-join-mailing-captcha elementor-section-boxed elementor-section-height-default elementor-section-height-default\" data-id=\"4f1d3935\" data-element_type=\"section\" data-e-type=\"section\" data-settings=\"{&quot;background_background&quot;:&quot;classic&quot;}\">\n\t\t\t\t\t\t<div class=\"elementor-container elementor-column-gap-default\">\n\t\t\t\t\t<div class=\"elementor-column elementor-col-100 elementor-top-column elementor-element elementor-element-448583d6\" data-id=\"448583d6\" data-element_type=\"column\" data-e-type=\"column\">\n\t\t\t<div class=\"elementor-widget-wrap elementor-element-populated\">\n\t\t\t\t\t\t<div class=\"elementor-element elementor-element-3a968686 elementor-widget elementor-widget-heading\" data-id=\"3a968686\" data-element_type=\"widget\" data-e-type=\"widget\" data-widget_type=\"heading.default\">\n\t\t\t\t<div class=\"elementor-widget-container\">\n\t\t\t\t\t<h3 class=\"elementor-heading-title elementor-size-default\">Zapisz si\u0119 na nasz newsletter<\/h3>\t\t\t\t<\/div>\n\t\t\t\t<\/div>\n\t\t\t\t<div class=\"elementor-element elementor-element-2c41f2d7 elementor-widget elementor-widget-heading\" data-id=\"2c41f2d7\" data-element_type=\"widget\" data-e-type=\"widget\" data-widget_type=\"heading.default\">\n\t\t\t\t<div class=\"elementor-widget-container\">\n\t\t\t\t\t<h2 class=\"elementor-heading-title elementor-size-default\">Dowiaduj si\u0119 jako pierwszy o nowo\u015bciach<\/h2>\t\t\t\t<\/div>\n\t\t\t\t<\/div>\n\t\t\t\t<div class=\"elementor-element elementor-element-0f737e4 elementor-align-center elementor-mobile-align-center elementor-widget elementor-widget-button\" data-id=\"0f737e4\" data-element_type=\"widget\" data-e-type=\"widget\" data-widget_type=\"button.default\">\n\t\t\t\t<div class=\"elementor-widget-container\">\n\t\t\t\t\t\t\t<div class=\"elementor-button-wrapper\">\n\t\t\t<a href=\"https:\/\/www.handsonmetrology.com\/pl\/join-our-newsletter\/\" class=\"elementor-button-link elementor-button elementor-size-sm\" role=\"button\">\n\t\t\t\t\t\t<span class=\"elementor-button-content-wrapper\">\n\t\t\t\t\t\t<span class=\"elementor-button-text\">Zapisz si\u0119<\/span>\n\t\t<\/span>\n\t\t\t\t\t<\/a>\n\t\t<\/div>\n        \t\t\t\t<\/div>\n\t\t\t\t<\/div>\n\t\t\t\t\t<\/div>\n\t\t<\/div>\n\t\t\t\t\t<\/div>\n\t\t<\/section>\n\t\t\t\t<\/div>\n\t\t","protected":false},"excerpt":{"rendered":"<p>#HandsOnMetrology Dedykowani metrologii 3D #HandsOnMetrology jest platform\u0105 przeznaczon\u0105 metrologii 3D. Jeste\u015bmy po to, by inspirowa\u0107 i dzieli\u0107 si\u0119 nasz\u0105 wiedz\u0105 na temat skanowania 3D. Nasze sesje wideo pomagaj\u0105 u\u017cytkownikom rozpocz\u0105\u0107 i rozszerzy\u0107 swoj\u0105 wiedz\u0119 w zakresie skanowania 3D oraz inspekcji 3D. Oferujemy wskaz\u00f3wki i porady opowiadaj\u0105c o historiach r\u00f3\u017cnych tw\u00f3rc\u00f3w i ich projektach. Pomagamy w [&hellip;]<\/p>\n","protected":false},"author":1,"featured_media":0,"parent":0,"menu_order":86,"comment_status":"closed","ping_status":"closed","template":"","meta":{"_acf_changed":false,"cybocfi_hide_featured_image":"","footnotes":""},"class_list":["post-58337","page","type-page","status-publish","hentry"],"acf":[],"_links":{"self":[{"href":"https:\/\/www.handsonmetrology.com\/pl\/wp-json\/wp\/v2\/pages\/58337","targetHints":{"allow":["GET"]}}],"collection":[{"href":"https:\/\/www.handsonmetrology.com\/pl\/wp-json\/wp\/v2\/pages"}],"about":[{"href":"https:\/\/www.handsonmetrology.com\/pl\/wp-json\/wp\/v2\/types\/page"}],"author":[{"embeddable":true,"href":"https:\/\/www.handsonmetrology.com\/pl\/wp-json\/wp\/v2\/users\/1"}],"replies":[{"embeddable":true,"href":"https:\/\/www.handsonmetrology.com\/pl\/wp-json\/wp\/v2\/comments?post=58337"}],"version-history":[{"count":5,"href":"https:\/\/www.handsonmetrology.com\/pl\/wp-json\/wp\/v2\/pages\/58337\/revisions"}],"predecessor-version":[{"id":61439,"href":"https:\/\/www.handsonmetrology.com\/pl\/wp-json\/wp\/v2\/pages\/58337\/revisions\/61439"}],"wp:attachment":[{"href":"https:\/\/www.handsonmetrology.com\/pl\/wp-json\/wp\/v2\/media?parent=58337"}],"curies":[{"name":"wp","href":"https:\/\/api.w.org\/{rel}","templated":true}]}}